{"id":2,"date":"2025-04-15T12:12:05","date_gmt":"2025-04-15T12:12:05","guid":{"rendered":"https:\/\/lp.pandolficombustiveis.com.br\/?page_id=2"},"modified":"2025-05-13T17:39:17","modified_gmt":"2025-05-13T17:39:17","slug":"pandolfi-v-power","status":"publish","type":"page","link":"https:\/\/lp.pandolficombustiveis.com.br\/","title":{"rendered":"Pandolfi &#8211; V-Power"},"content":{"rendered":"\t\t<div data-elementor-type=\"wp-page\" data-elementor-id=\"2\" class=\"elementor elementor-2\">\n\t\t\t\t<div class=\"elementor-element elementor-element-30e29fdb e-flex e-con-boxed e-con e-parent\" data-id=\"30e29fdb\" data-element_type=\"container\" data-e-type=\"container\">\n\t\t\t\t\t<div class=\"e-con-inner\">\n\t\t\t\t<div class=\"elementor-element elementor-element-ebc40b9 elementor-widget elementor-widget-image\" data-id=\"ebc40b9\" data-element_type=\"widget\" data-e-type=\"widget\" data-widget_type=\"image.default\">\n\t\t\t\t<div class=\"elementor-widget-container\">\n\t\t\t\t\t\t\t\t\t\t\t\t\t\t\t<img fetchpriority=\"high\" decoding=\"async\" width=\"1024\" height=\"256\" src=\"https:\/\/lp.pandolficombustiveis.com.br\/wp-content\/uploads\/2025\/05\/TOPO-1024x256.png\" class=\"attachment-large size-large wp-image-10\" alt=\"\" srcset=\"https:\/\/lp.pandolficombustiveis.com.br\/wp-content\/uploads\/2025\/05\/TOPO-1024x256.png 1024w, https:\/\/lp.pandolficombustiveis.com.br\/wp-content\/uploads\/2025\/05\/TOPO-300x75.png 300w, https:\/\/lp.pandolficombustiveis.com.br\/wp-content\/uploads\/2025\/05\/TOPO-768x192.png 768w, https:\/\/lp.pandolficombustiveis.com.br\/wp-content\/uploads\/2025\/05\/TOPO.png 1200w\" sizes=\"(max-width: 1024px) 100vw, 1024px\" \/>\t\t\t\t\t\t\t\t\t\t\t\t\t\t\t<\/div>\n\t\t\t\t<\/div>\n\t\t\t\t<div class=\"elementor-element elementor-element-d77608c elementor-widget elementor-widget-text-editor\" data-id=\"d77608c\" data-element_type=\"widget\" data-e-type=\"widget\" data-widget_type=\"text-editor.default\">\n\t\t\t\t<div class=\"elementor-widget-container\">\n\t\t\t\t\t\t\t\t\t<p>Abastecendo 25 litros de V-Power, voc\u00ea ganha um brinde exclusivo!&nbsp;<\/p>\n<p><b>Escolha o seu presente preencha os dados e aproveite!<\/b><\/p>\t\t\t\t\t\t\t\t<\/div>\n\t\t\t\t<\/div>\n\t\t\t\t<div class=\"elementor-element elementor-element-5c1f405 elementor-widget elementor-widget-text-editor\" data-id=\"5c1f405\" data-element_type=\"widget\" data-e-type=\"widget\" data-widget_type=\"text-editor.default\">\n\t\t\t\t<div class=\"elementor-widget-container\">\n\t\t\t\t\t\t\t\t\t<p><span style=\"font-family: Montserrat, sans-serif; letter-spacing: -0.1px; text-align: center;\">Aten\u00e7\u00e3o: Valido somente para o Posto Pandolfi de Francisco Beltr\u00e3o Anexo ao Super Dia.<\/span><\/p>\t\t\t\t\t\t\t\t<\/div>\n\t\t\t\t<\/div>\n\t\t\t\t\t<\/div>\n\t\t\t\t<\/div>\n\t\t<div class=\"elementor-element elementor-element-d0f7937 e-flex e-con-boxed e-con e-parent\" data-id=\"d0f7937\" data-element_type=\"container\" data-e-type=\"container\">\n\t\t\t\t\t<div class=\"e-con-inner\">\n\t\t<div class=\"elementor-element elementor-element-fbb008c e-con-full e-flex e-con e-child\" data-id=\"fbb008c\" data-element_type=\"container\" data-e-type=\"container\" data-settings=\"{&quot;background_background&quot;:&quot;classic&quot;}\">\n\t\t\t\t<\/div>\n\t\t\t\t<div class=\"elementor-element elementor-element-79fdf8d elementor-widget elementor-widget-text-editor\" data-id=\"79fdf8d\" data-element_type=\"widget\" data-e-type=\"widget\" data-widget_type=\"text-editor.default\">\n\t\t\t\t<div class=\"elementor-widget-container\">\n\t\t\t\t\t\t\t\t\t<div class='fluentform ff-default fluentform_wrapper_3 ffs_default_wrap'><form data-form_id=\"3\" id=\"fluentform_3\" class=\"frm-fluent-form fluent_form_3 ff-el-form-top ff_form_instance_3_1 ff-form-loading ffs_default\" data-form_instance=\"ff_form_instance_3_1\" method=\"POST\" ><fieldset  style=\"border: none!important;margin: 0!important;padding: 0!important;background-color: transparent!important;box-shadow: none!important;outline: none!important; min-inline-size: 100%;\">\n                    <legend class=\"ff_screen_reader_title\" style=\"display: block; margin: 0!important;padding: 0!important;height: 0!important;text-indent: -999999px;width: 0!important;overflow:hidden;\">Formul\u00e1rio CAMPANHA<\/legend><input type='hidden' name='__fluent_form_embded_post_id' value='2' \/><input type=\"hidden\" id=\"_fluentform_3_fluentformnonce\" name=\"_fluentform_3_fluentformnonce\" value=\"d872329080\" \/><input type=\"hidden\" name=\"_wp_http_referer\" value=\"\/index.php?rest_route=%2Fwp%2Fv2%2Fpages%2F2\" \/><div class='ff-el-group  ff_list_3col'><div class=\"ff-el-input--label ff-el-is-required asterisk-right\"><label   aria-label=\"Selecione seu brinde!\">Selecione seu brinde!<\/label><\/div><div class='ff-el-input--content'><div class='ff-el-form-check ff-el-form-check-'><label class='ff-el-form-check-label' for='input_radio_f694eafd5de38e44aa91f620c4aeb29d'><input  type=\"radio\" name=\"input_radio\" data-name=\"input_radio\" class=\"ff-el-form-check-input ff-el-form-check-radio\" value=\"Brinde 1 &lt;img src=&quot;https:\/\/lp.pandolficombustiveis.com.br\/wp-content\/uploads\/2025\/05\/Item2.png&quot; style=&quot;width:250px; height:auto;&quot;&gt;\"  id='input_radio_f694eafd5de38e44aa91f620c4aeb29d' aria-label='Brinde 1 &lt;img src=&quot;https:\/\/lp.pandolficombustiveis.com.br\/wp-content\/uploads\/2025\/05\/Item2.png&quot; style=&quot;width:250px;height:auto&quot;&gt;' aria-invalid='false' aria-required=true> <span>Brinde 1 <img decoding=\"async\" src=\"https:\/\/lp.pandolficombustiveis.com.br\/wp-content\/uploads\/2025\/05\/Item2.png\" style=\"width:250px;height:auto\"><\/span><\/label><\/div><div class='ff-el-form-check ff-el-form-check-'><label class='ff-el-form-check-label' for='input_radio_6c83ae7d5fca7a52fabfd54eff6307cb'><input  type=\"radio\" name=\"input_radio\" data-name=\"input_radio\" class=\"ff-el-form-check-input ff-el-form-check-radio\" value=\"Brinde 2 &lt;img src=&quot;https:\/\/lp.pandolficombustiveis.com.br\/wp-content\/uploads\/2025\/05\/Item1-1.png&quot; style=&quot;width:250px; height:auto;&quot;&gt;\"  id='input_radio_6c83ae7d5fca7a52fabfd54eff6307cb' aria-label='Brinde 2 &lt;img src=&quot;https:\/\/lp.pandolficombustiveis.com.br\/wp-content\/uploads\/2025\/05\/Item1-1.png&quot; style=&quot;width:250px;height:auto&quot;&gt;' aria-invalid='false' aria-required=true> <span>Brinde 2 <img decoding=\"async\" src=\"https:\/\/lp.pandolficombustiveis.com.br\/wp-content\/uploads\/2025\/05\/Item1-1.png\" style=\"width:250px;height:auto\"><\/span><\/label><\/div><div class='ff-el-form-check ff-el-form-check-'><label class='ff-el-form-check-label' for='input_radio_bc07f61adcbf40257604e6c9febe31ee'><input  type=\"radio\" name=\"input_radio\" data-name=\"input_radio\" class=\"ff-el-form-check-input ff-el-form-check-radio\" value=\"Brinde 3 &lt;img src=&quot;https:\/\/lp.pandolficombustiveis.com.br\/wp-content\/uploads\/2025\/05\/Item3.png&quot; style=&quot;width:250px; height:auto;&quot;&gt;\"  id='input_radio_bc07f61adcbf40257604e6c9febe31ee' aria-label='Brinde 3 &lt;img src=&quot;https:\/\/lp.pandolficombustiveis.com.br\/wp-content\/uploads\/2025\/05\/Item3.png&quot; style=&quot;width:250px;height:auto&quot;&gt;' aria-invalid='false' aria-required=true> <span>Brinde 3 <img decoding=\"async\" src=\"https:\/\/lp.pandolficombustiveis.com.br\/wp-content\/uploads\/2025\/05\/Item3.png\" style=\"width:250px;height:auto\"><\/span><\/label><\/div><\/div><\/div><div data-type=\"name-element\" data-name=\"names\" class=\" ff-field_container ff-name-field-wrapper\" ><div class='ff-t-container'><div class='ff-t-cell '><div class='ff-el-group ff-el-form-top'><div class=\"ff-el-input--label asterisk-right\"><label for='ff_3_names_first_name_' id='label_ff_3_names_first_name_' >Primeiro nome<\/label><\/div><div class='ff-el-input--content'><input type=\"text\" name=\"names[first_name]\" id=\"ff_3_names_first_name_\" class=\"ff-el-form-control\" placeholder=\"Digite seu nome\" aria-invalid=\"false\" aria-required=false><\/div><\/div><\/div><div class='ff-t-cell '><div class='ff-el-group ff-el-form-top'><div class=\"ff-el-input--label asterisk-right\"><label for='ff_3_names_last_name_' id='label_ff_3_names_last_name_' >Sobrenome<\/label><\/div><div class='ff-el-input--content'><input type=\"text\" name=\"names[last_name]\" id=\"ff_3_names_last_name_\" class=\"ff-el-form-control\" placeholder=\"Digite seu sobrenome\" aria-invalid=\"false\" aria-required=false><\/div><\/div><\/div><\/div><\/div><div class='ff-el-group'><div class=\"ff-el-input--label ff-el-is-required asterisk-right\"><label for='ff_3_input_mask_1' id='label_ff_3_input_mask_1' aria-label=\"CPF\">CPF<\/label><\/div><div class='ff-el-input--content'><input type=\"text\" name=\"input_mask_1\" data-mask=\"###.###.###.##\" class=\"ff-el-form-control\" data-name=\"input_mask_1\" id=\"ff_3_input_mask_1\"  aria-invalid=\"false\" aria-required=true><\/div><\/div><div class='ff-el-group'><div class=\"ff-el-input--label ff-el-is-required asterisk-right\"><label for='ff_3_input_mask' id='label_ff_3_input_mask' aria-label=\"Telefone\">Telefone<\/label><\/div><div class='ff-el-input--content'><input type=\"text\" name=\"input_mask\" data-mask=\"(##) #####-####\" class=\"ff-el-form-control\" data-name=\"input_mask\" id=\"ff_3_input_mask\"  aria-invalid=\"false\" aria-required=true><\/div><\/div><div class='ff-el-group ff-text-left ff_submit_btn_wrapper'><button type=\"submit\" class=\"ff-btn ff-btn-submit ff-btn-md ff_btn_style\"  aria-label=\"Eu quero meu brinde!\">Eu quero meu brinde!<\/button><\/div><\/fieldset><\/form><div id='fluentform_3_errors' class='ff-errors-in-stack ff_form_instance_3_1 ff-form-loading_errors ff_form_instance_3_1_errors'><\/div><\/div>            <script type=\"text\/javascript\">\n                window.fluent_form_ff_form_instance_3_1 = {\"id\":\"3\",\"settings\":{\"layout\":{\"labelPlacement\":\"top\",\"asteriskPlacement\":\"asterisk-right\",\"helpMessagePlacement\":\"with_label\",\"errorMessagePlacement\":\"inline\",\"cssClassName\":\"\"},\"restrictions\":{\"denyEmptySubmission\":{\"enabled\":false}}},\"form_instance\":\"ff_form_instance_3_1\",\"form_id_selector\":\"fluentform_3\",\"rules\":{\"input_radio\":{\"required\":{\"value\":true,\"message\":\"Este campo \\u00e9 obrigat\\u00f3rio\",\"global_message\":\"Este campo \\u00e9 obrigat\\u00f3rio\",\"global\":true}},\"names[first_name]\":{\"required\":{\"value\":false,\"message\":\"Este campo \\u00e9 obrigat\\u00f3rio\",\"global_message\":\"Este campo \\u00e9 obrigat\\u00f3rio\",\"global\":true}},\"names[middle_name]\":{\"required\":{\"value\":false,\"message\":\"Este campo \\u00e9 obrigat\\u00f3rio\",\"global_message\":\"Este campo \\u00e9 obrigat\\u00f3rio\",\"global\":true}},\"names[last_name]\":{\"required\":{\"value\":false,\"message\":\"Este campo \\u00e9 obrigat\\u00f3rio\",\"global_message\":\"Este campo \\u00e9 obrigat\\u00f3rio\",\"global\":true}},\"input_mask_1\":{\"required\":{\"value\":true,\"message\":\"Este campo \\u00e9 obrigat\\u00f3rio\",\"global_message\":\"Este campo \\u00e9 obrigat\\u00f3rio\",\"global\":true}},\"input_mask\":{\"required\":{\"value\":true,\"message\":\"Este campo \\u00e9 obrigat\\u00f3rio\",\"global_message\":\"Este campo \\u00e9 obrigat\\u00f3rio\",\"global\":true}}},\"debounce_time\":300};\n                            <\/script>\n            \t\t\t\t\t\t\t\t<\/div>\n\t\t\t\t<\/div>\n\t\t\t\t\t<\/div>\n\t\t\t\t<\/div>\n\t\t<div class=\"elementor-element elementor-element-f23ef6b e-flex e-con-boxed e-con e-parent\" data-id=\"f23ef6b\" data-element_type=\"container\" data-e-type=\"container\" data-settings=\"{&quot;background_background&quot;:&quot;classic&quot;}\">\n\t\t\t\t\t<div class=\"e-con-inner\">\n\t\t\t\t<div class=\"elementor-element elementor-element-36e8ba7 elementor-icon-list--layout-traditional elementor-list-item-link-full_width elementor-widget elementor-widget-icon-list\" data-id=\"36e8ba7\" data-element_type=\"widget\" data-e-type=\"widget\" data-widget_type=\"icon-list.default\">\n\t\t\t\t<div class=\"elementor-widget-container\">\n\t\t\t\t\t\t\t<ul class=\"elementor-icon-list-items\">\n\t\t\t\t\t\t\t<li class=\"elementor-icon-list-item\">\n\t\t\t\t\t\t\t\t\t\t\t<span class=\"elementor-icon-list-icon\">\n\t\t\t\t\t\t\t<svg aria-hidden=\"true\" class=\"e-font-icon-svg e-fab-instagram\" viewBox=\"0 0 448 512\" xmlns=\"http:\/\/www.w3.org\/2000\/svg\"><path d=\"M224.1 141c-63.6 0-114.9 51.3-114.9 114.9s51.3 114.9 114.9 114.9S339 319.5 339 255.9 287.7 141 224.1 141zm0 189.6c-41.1 0-74.7-33.5-74.7-74.7s33.5-74.7 74.7-74.7 74.7 33.5 74.7 74.7-33.6 74.7-74.7 74.7zm146.4-194.3c0 14.9-12 26.8-26.8 26.8-14.9 0-26.8-12-26.8-26.8s12-26.8 26.8-26.8 26.8 12 26.8 26.8zm76.1 27.2c-1.7-35.9-9.9-67.7-36.2-93.9-26.2-26.2-58-34.4-93.9-36.2-37-2.1-147.9-2.1-184.9 0-35.8 1.7-67.6 9.9-93.9 36.1s-34.4 58-36.2 93.9c-2.1 37-2.1 147.9 0 184.9 1.7 35.9 9.9 67.7 36.2 93.9s58 34.4 93.9 36.2c37 2.1 147.9 2.1 184.9 0 35.9-1.7 67.7-9.9 93.9-36.2 26.2-26.2 34.4-58 36.2-93.9 2.1-37 2.1-147.8 0-184.8zM398.8 388c-7.8 19.6-22.9 34.7-42.6 42.6-29.5 11.7-99.5 9-132.1 9s-102.7 2.6-132.1-9c-19.6-7.8-34.7-22.9-42.6-42.6-11.7-29.5-9-99.5-9-132.1s-2.6-102.7 9-132.1c7.8-19.6 22.9-34.7 42.6-42.6 29.5-11.7 99.5-9 132.1-9s102.7-2.6 132.1 9c19.6 7.8 34.7 22.9 42.6 42.6 11.7 29.5 9 99.5 9 132.1s2.7 102.7-9 132.1z\"><\/path><\/svg>\t\t\t\t\t\t<\/span>\n\t\t\t\t\t\t\t\t\t\t<span class=\"elementor-icon-list-text\">pandolficombustiveisoficial<\/span>\n\t\t\t\t\t\t\t\t\t<\/li>\n\t\t\t\t\t\t<\/ul>\n\t\t\t\t\t\t<\/div>\n\t\t\t\t<\/div>\n\t\t\t\t\t<\/div>\n\t\t\t\t<\/div>\n\t\t\t\t<\/div>\n\t\t","protected":false},"excerpt":{"rendered":"<p>Abastecendo 25 litros de V-Power, voc\u00ea ganha um brinde exclusivo!&nbsp; Escolha o seu presente preencha os dados e aproveite! Aten\u00e7\u00e3o: Valido somente para o Posto Pandolfi de Francisco Beltr\u00e3o Anexo ao Super Dia. pandolficombustiveisoficial<\/p>\n","protected":false},"author":1,"featured_media":0,"parent":0,"menu_order":0,"comment_status":"closed","ping_status":"closed","template":"elementor_canvas","meta":{"footnotes":""},"class_list":["post-2","page","type-page","status-publish","hentry"],"_links":{"self":[{"href":"https:\/\/lp.pandolficombustiveis.com.br\/index.php?rest_route=\/wp\/v2\/pages\/2","targetHints":{"allow":["GET"]}}],"collection":[{"href":"https:\/\/lp.pandolficombustiveis.com.br\/index.php?rest_route=\/wp\/v2\/pages"}],"about":[{"href":"https:\/\/lp.pandolficombustiveis.com.br\/index.php?rest_route=\/wp\/v2\/types\/page"}],"author":[{"embeddable":true,"href":"https:\/\/lp.pandolficombustiveis.com.br\/index.php?rest_route=\/wp\/v2\/users\/1"}],"replies":[{"embeddable":true,"href":"https:\/\/lp.pandolficombustiveis.com.br\/index.php?rest_route=%2Fwp%2Fv2%2Fcomments&post=2"}],"version-history":[{"count":34,"href":"https:\/\/lp.pandolficombustiveis.com.br\/index.php?rest_route=\/wp\/v2\/pages\/2\/revisions"}],"predecessor-version":[{"id":58,"href":"https:\/\/lp.pandolficombustiveis.com.br\/index.php?rest_route=\/wp\/v2\/pages\/2\/revisions\/58"}],"wp:attachment":[{"href":"https:\/\/lp.pandolficombustiveis.com.br\/index.php?rest_route=%2Fwp%2Fv2%2Fmedia&parent=2"}],"curies":[{"name":"wp","href":"https:\/\/api.w.org\/{rel}","templated":true}]}}